{"id":393,"date":"2022-09-01T11:04:09","date_gmt":"2022-09-01T16:04:09","guid":{"rendered":"https:\/\/edu.coyoteaventuras.com\/?page_id=393"},"modified":"2024-10-08T10:27:06","modified_gmt":"2024-10-08T16:27:06","slug":"acerca","status":"publish","type":"page","link":"https:\/\/edu.coyoteaventuras.com\/es\/index.php\/acerca\/","title":{"rendered":"Acerca"},"content":{"rendered":"<p>[et_pb_section fb_built=&#8221;1&#8243; admin_label=&#8221;Header&#8221; _builder_version=&#8221;4.18.0&#8243; _module_preset=&#8221;default&#8221; background_color=&#8221;#11718a&#8221; background_enable_image=&#8221;off&#8221; global_colors_info=&#8221;{}&#8221;][et_pb_row _builder_version=&#8221;4.16&#8243; _module_preset=&#8221;default&#8221; custom_padding=&#8221;||0px||false|false&#8221; global_colors_info=&#8221;{}&#8221;][et_pb_column type=&#8221;4_4&#8243; _builder_version=&#8221;4.16&#8243; _module_preset=&#8221;default&#8221; global_colors_info=&#8221;{}&#8221;][et_pb_text _builder_version=&#8221;4.27.2&#8243; _module_preset=&#8221;default&#8221; text_font_size=&#8221;18px&#8221; text_line_height=&#8221;2em&#8221; header_font=&#8221;Abhaya Libre||||||||&#8221; header_font_size=&#8221;70px&#8221; header_line_height=&#8221;1.2em&#8221; header_4_font=&#8221;Abhaya Libre||||||||&#8221; header_4_font_size=&#8221;24px&#8221; header_4_line_height=&#8221;1.4em&#8221; background_layout=&#8221;dark&#8221; text_font_size_tablet=&#8221;18px&#8221; text_font_size_phone=&#8221;14px&#8221; text_font_size_last_edited=&#8221;on|phone&#8221; header_font_size_tablet=&#8221;60px&#8221; header_font_size_phone=&#8221;40px&#8221; header_font_size_last_edited=&#8221;on|phone&#8221; global_colors_info=&#8221;{}&#8221;]<\/p>\n<h1>Acerca de Nosotros<\/h1>\n<h4>Coordinamos experiencias de estudio en el extranjero y grupos liderados por profesores que destacan la extraordinaria diversidad cultural, la historia acestral y la diversidad ecol\u00f3gica de Mesoam\u00e9rica.<\/h4>\n<p>[\/et_pb_text][\/et_pb_column][\/et_pb_row][\/et_pb_section][et_pb_section fb_built=&#8221;1&#8243; admin_label=&#8221;From Home&#8221; _builder_version=&#8221;4.18.0&#8243; _module_preset=&#8221;default&#8221; collapsed=&#8221;off&#8221; global_colors_info=&#8221;{}&#8221;][et_pb_row _builder_version=&#8221;4.16&#8243; _module_preset=&#8221;default&#8221; global_colors_info=&#8221;{}&#8221;][et_pb_column type=&#8221;4_4&#8243; _builder_version=&#8221;4.16&#8243; _module_preset=&#8221;default&#8221; global_colors_info=&#8221;{}&#8221;][et_pb_video src=&#8221;https:\/\/edu.coyoteaventuras.com\/wp-content\/uploads\/2022\/12\/coyote-edu-lowres.mp4&#8243; image_src=&#8221;https:\/\/edu.coyoteaventuras.com\/wp-content\/uploads\/2023\/10\/edu-coyote-video.jpg&#8221; thumbnail_overlay_color=&#8221;rgba(0,0,0,0.6)&#8221; _builder_version=&#8221;4.22.2&#8243; _module_preset=&#8221;default&#8221; locked=&#8221;off&#8221; global_colors_info=&#8221;{}&#8221;][\/et_pb_video][\/et_pb_column][\/et_pb_row][et_pb_row column_structure=&#8221;1_3,2_3&#8243; _builder_version=&#8221;4.16&#8243; _module_preset=&#8221;default&#8221; global_colors_info=&#8221;{}&#8221;][et_pb_column type=&#8221;1_3&#8243; _builder_version=&#8221;4.16&#8243; _module_preset=&#8221;default&#8221; global_colors_info=&#8221;{}&#8221;][et_pb_text _builder_version=&#8221;4.27.2&#8243; header_2_font=&#8221;Abhaya Libre||||||||&#8221; header_2_font_size=&#8221;60px&#8221; header_2_line_height=&#8221;1.2em&#8221; header_4_font=&#8221;Abhaya Libre||||||||&#8221; header_4_font_size=&#8221;24px&#8221; header_4_line_height=&#8221;1.9em&#8221; header_2_font_size_tablet=&#8221;40px&#8221; header_2_font_size_phone=&#8221;30px&#8221; header_2_font_size_last_edited=&#8221;on|phone&#8221; locked=&#8221;off&#8221; global_colors_info=&#8221;{}&#8221;]<\/p>\n<h4>Durante una experiencia de Coyote Aventuras Edu, los estudiantes interact\u00faan con universidades locales, comunidades ind\u00edgenas, miembros de la sociedad civil y maestros artesanos, lo que brinda amplias oportunidades para el aprendizaje experiencial.<\/h4>\n<p>[\/et_pb_text][\/et_pb_column][et_pb_column type=&#8221;2_3&#8243; _builder_version=&#8221;4.16&#8243; _module_preset=&#8221;default&#8221; global_colors_info=&#8221;{}&#8221;][et_pb_text _builder_version=&#8221;4.27.2&#8243; text_font_size=&#8221;16px&#8221; text_line_height=&#8221;2em&#8221; text_font_size_tablet=&#8221;14px&#8221; text_font_size_phone=&#8221;&#8221; text_font_size_last_edited=&#8221;on|phone&#8221; locked=&#8221;off&#8221; global_colors_info=&#8221;{}&#8221;]<\/p>\n<p>Los estudiantes son expuestos a la historia de los movimientos sociales a trav\u00e9s de elaborados murales en las calles, exploran los sitios arqueol\u00f3gicos de civilizaciones mesoamericanas influyentes pre contacto, y realizan caminatas por las monta\u00f1as para aprender sobre la rica biodiversidad de la regi\u00f3n. <\/p>\n<p>Nuestras experiencias educativas tienen como objetivo conectar a los estudiantes con los paisajes naturales de la regi\u00f3n. Nos enorgullecemos de facilitar programas que enfatizan nuestros v\u00ednculos intr\u00ednsecos con los espacios naturales y nuestra responsabilidad de promover el conocimiento ancestral de los pueblos ind\u00edgenas.<\/p>\n<p>[\/et_pb_text][et_pb_text _builder_version=&#8221;4.27.2&#8243; text_font_size=&#8221;16px&#8221; text_line_height=&#8221;2em&#8221; text_font_size_tablet=&#8221;14px&#8221; text_font_size_phone=&#8221;&#8221; text_font_size_last_edited=&#8221;on|phone&#8221; locked=&#8221;off&#8221; global_colors_info=&#8221;{}&#8221;]<\/p>\n<p>Nuestro equipo est\u00e1 compuesto por orgullosos mesoamericanos que tienen un v\u00ednculo ancestral con esta regi\u00f3n y las tradiciones ind\u00edgenas que se han transmitido a lo largo de milenios. Somos olmecas, zapotecas, mixtecas, toltecas, mayas y mexicas. Nuestros programas educativos tienen como objetivo expl\u00edcito conectar a los estudiantes con la historia mesoamericana, demostrando los enormes descubrimientos cient\u00edficos de los pueblos ind\u00edgenas y su extraordinaria perseverancia para mantener costumbres culturales \u00fanicas.<\/p>\n<p>[\/et_pb_text][et_pb_text _builder_version=&#8221;4.27.2&#8243; header_2_font=&#8221;Abhaya Libre||||||||&#8221; header_2_font_size=&#8221;60px&#8221; header_2_line_height=&#8221;1.2em&#8221; header_4_font=&#8221;Abhaya Libre||||||||&#8221; header_4_font_size=&#8221;24px&#8221; header_4_line_height=&#8221;1.9em&#8221; header_2_font_size_tablet=&#8221;40px&#8221; header_2_font_size_phone=&#8221;30px&#8221; header_2_font_size_last_edited=&#8221;on|phone&#8221; locked=&#8221;off&#8221; global_colors_info=&#8221;{}&#8221;]<\/p>\n<h4>\u00danete a nosotros en una experiencia de inmersi\u00f3n que cambiar\u00e1 tu vida, ampliar\u00e1 tus horizontes, fortalecer\u00e1 tu confianza y desarrollar\u00e1 amistades internacionales que durar\u00e1n toda la vida.<\/h4>\n<p>[\/et_pb_text][\/et_pb_column][\/et_pb_row][\/et_pb_section][et_pb_section fb_built=&#8221;1&#8243; admin_label=&#8221;Our Core Values&#8221; _builder_version=&#8221;4.19.3&#8243; _module_preset=&#8221;default&#8221; background_color=&#8221;rgba(238,238,238,0.5)&#8221; collapsed=&#8221;off&#8221; global_colors_info=&#8221;{}&#8221;][et_pb_row column_structure=&#8221;1_4,1_4,1_2&#8243; use_custom_gutter=&#8221;on&#8221; gutter_width=&#8221;1&#8243; make_equal=&#8221;on&#8221; _builder_version=&#8221;4.18.0&#8243; _module_preset=&#8221;default&#8221; width=&#8221;90%&#8221; custom_padding=&#8221;||0px||false|false&#8221; global_colors_info=&#8221;{}&#8221;][et_pb_column type=&#8221;1_4&#8243; _builder_version=&#8221;4.18.0&#8243; _module_preset=&#8221;default&#8221; global_colors_info=&#8221;{}&#8221;][et_pb_text _builder_version=&#8221;4.27.2&#8243; header_text_align=&#8221;right&#8221; header_2_font=&#8221;Abhaya Libre||||||||&#8221; header_2_text_align=&#8221;left&#8221; header_2_font_size=&#8221;43px&#8221; header_2_line_height=&#8221;1.2em&#8221; header_4_font=&#8221;DM Sans||||||||&#8221; header_4_font_size=&#8221;24px&#8221; header_4_letter_spacing=&#8221;2px&#8221; header_4_line_height=&#8221;2.9em&#8221; header_5_font=&#8221;Abhaya Libre||||||||&#8221; header_5_font_size=&#8221;22px&#8221; header_5_line_height=&#8221;1.8em&#8221; custom_margin=&#8221;|40px|30px|-40px|false|false&#8221; custom_margin_tablet=&#8221;30px|0px||0px|false|false&#8221; custom_margin_phone=&#8221;10px|0px||0px|false|false&#8221; custom_margin_last_edited=&#8221;on|phone&#8221; header_2_font_size_tablet=&#8221;40px&#8221; header_2_font_size_phone=&#8221;45px&#8221; header_2_font_size_last_edited=&#8221;on|phone&#8221; locked=&#8221;off&#8221; global_colors_info=&#8221;{}&#8221;]<\/p>\n<h2>Nuestros valores fundamentales<\/h2>\n<p>[\/et_pb_text][\/et_pb_column][et_pb_column type=&#8221;1_4&#8243; _builder_version=&#8221;4.16&#8243; _module_preset=&#8221;default&#8221; global_colors_info=&#8221;{}&#8221;][et_pb_image src=&#8221;https:\/\/edu.coyoteaventuras.com\/wp-content\/uploads\/2023\/10\/student-group.jpg&#8221; title_text=&#8221;student-group&#8221; align=&#8221;center&#8221; _builder_version=&#8221;4.22.2&#8243; _module_preset=&#8221;default&#8221; width_tablet=&#8221;&#8221; width_phone=&#8221;100%&#8221; width_last_edited=&#8221;on|desktop&#8221; module_alignment=&#8221;center&#8221; custom_margin=&#8221;||||false|false&#8221; custom_margin_tablet=&#8221;||||false|false&#8221; custom_margin_phone=&#8221;|||0%|false|false&#8221; custom_margin_last_edited=&#8221;on|desktop&#8221; custom_padding=&#8221;||||false|false&#8221; scroll_horizontal_motion=&#8221;0|39|39|100|0|0|0&#8243; global_colors_info=&#8221;{}&#8221;][\/et_pb_image][\/et_pb_column][et_pb_column type=&#8221;1_2&#8243; _builder_version=&#8221;4.18.0&#8243; _module_preset=&#8221;default&#8221; custom_padding=&#8221;||||false|false&#8221; global_colors_info=&#8221;{}&#8221;][et_pb_text _builder_version=&#8221;4.27.2&#8243; text_font_size=&#8221;16px&#8221; text_line_height=&#8221;2em&#8221; custom_margin=&#8221;20px|||30px|false|false&#8221; custom_margin_tablet=&#8221;20px|||30px|false|false&#8221; custom_margin_phone=&#8221;|||0px|false|false&#8221; custom_margin_last_edited=&#8221;on|phone&#8221; text_font_size_tablet=&#8221;14px&#8221; text_font_size_phone=&#8221;&#8221; text_font_size_last_edited=&#8221;on|phone&#8221; locked=&#8221;off&#8221; global_colors_info=&#8221;{}&#8221;]<\/p>\n<p>En nuestros programas enfatizamos los valores fundamentales del respeto mutuo, la empat\u00eda, la curiosidad infinita, la conexi\u00f3n intercultural, la comunicaci\u00f3n y una profunda gratitud por los espacios naturales que habitamos. Coyote Aventuras Edu expondr\u00e1 a los estudiantes a experiencias reveladoras y propiciar\u00e1 transformaciones sinceras que preparen a l\u00edderes multiculturales para enfrentar los desaf\u00edos del futuro.<\/p>\n<p>[\/et_pb_text][\/et_pb_column][\/et_pb_row][et_pb_row column_structure=&#8221;1_4,1_4,1_4,1_4&#8243; use_custom_gutter=&#8221;on&#8221; gutter_width=&#8221;1&#8243; make_equal=&#8221;on&#8221; _builder_version=&#8221;4.18.0&#8243; _module_preset=&#8221;default&#8221; custom_padding=&#8221;0px||||false|false&#8221; global_colors_info=&#8221;{}&#8221;][et_pb_column type=&#8221;1_4&#8243; _builder_version=&#8221;4.16&#8243; _module_preset=&#8221;default&#8221; global_colors_info=&#8221;{}&#8221;][et_pb_text _builder_version=&#8221;4.27.2&#8243; header_2_font=&#8221;Abhaya Libre||||||||&#8221; header_2_font_size=&#8221;60px&#8221; header_2_line_height=&#8221;1.2em&#8221; header_4_font=&#8221;DM Sans||||||||&#8221; header_4_font_size=&#8221;23px&#8221; header_4_letter_spacing=&#8221;2px&#8221; header_4_line_height=&#8221;2.2em&#8221; header_5_font=&#8221;Abhaya Libre||||||||&#8221; header_5_font_size=&#8221;22px&#8221; header_5_line_height=&#8221;1.8em&#8221; custom_margin=&#8221;|||0px|false|false&#8221; custom_margin_tablet=&#8221;20px||||false|false&#8221; custom_margin_phone=&#8221;20px||20px||true|false&#8221; custom_margin_last_edited=&#8221;on|phone&#8221; header_2_font_size_tablet=&#8221;40px&#8221; header_2_font_size_phone=&#8221;30px&#8221; header_2_font_size_last_edited=&#8221;on|phone&#8221; header_4_font_size_tablet=&#8221;20px&#8221; header_4_font_size_phone=&#8221;18px&#8221; header_4_font_size_last_edited=&#8221;on|phone&#8221; locked=&#8221;off&#8221; global_colors_info=&#8221;{}&#8221;]<\/p>\n<h4>Libertad<br \/> Empat\u00eda<br \/> Solidaridad<br \/> Respeto<br \/> Igualdad<br \/> Sostenibilidad<br \/> Cooperaci\u00f3n<br \/> Comunidad<br \/> Creatividad<br \/>\nInnovaci\u00f3n<\/h4>\n<p>[\/et_pb_text][\/et_pb_column][et_pb_column type=&#8221;1_4&#8243; _builder_version=&#8221;4.16&#8243; _module_preset=&#8221;default&#8221; global_colors_info=&#8221;{}&#8221;][et_pb_image src=&#8221;https:\/\/edu.coyoteaventuras.com\/wp-content\/uploads\/2023\/10\/coyote-edu-tintas.jpg&#8221; title_text=&#8221;coyote-edu-tintas&#8221; force_fullwidth=&#8221;on&#8221; _builder_version=&#8221;4.22.2&#8243; _module_preset=&#8221;default&#8221; custom_margin=&#8221;||||true|false&#8221; custom_padding=&#8221;||||false|false&#8221; animation_style=&#8221;fold&#8221; animation_direction=&#8221;right&#8221; global_colors_info=&#8221;{}&#8221;][\/et_pb_image][et_pb_image src=&#8221;https:\/\/edu.coyoteaventuras.com\/wp-content\/uploads\/2023\/10\/barro.jpg&#8221; title_text=&#8221;barro&#8221; force_fullwidth=&#8221;on&#8221; disabled_on=&#8221;on|off|off&#8221; _builder_version=&#8221;4.22.2&#8243; _module_preset=&#8221;default&#8221; border_radii=&#8221;on|0%|0%|0%|0%&#8221; locked=&#8221;off&#8221; global_colors_info=&#8221;{}&#8221;][\/et_pb_image][\/et_pb_column][et_pb_column type=&#8221;1_4&#8243; _builder_version=&#8221;4.16&#8243; _module_preset=&#8221;default&#8221; global_colors_info=&#8221;{}&#8221;][et_pb_image src=&#8221;https:\/\/edu.coyoteaventuras.com\/wp-content\/uploads\/2020\/06\/todosantos.jpg&#8221; title_text=&#8221;todosantos&#8221; force_fullwidth=&#8221;on&#8221; _builder_version=&#8221;4.22.2&#8243; _module_preset=&#8221;default&#8221; animation_style=&#8221;fold&#8221; animation_direction=&#8221;left&#8221; locked=&#8221;off&#8221; global_colors_info=&#8221;{}&#8221;][\/et_pb_image][\/et_pb_column][et_pb_column type=&#8221;1_4&#8243; _builder_version=&#8221;4.18.0&#8243; _module_preset=&#8221;default&#8221; global_colors_info=&#8221;{}&#8221;][et_pb_text _builder_version=&#8221;4.27.2&#8243; text_font=&#8221;DM Sans||||||||&#8221; text_font_size=&#8221;16px&#8221; text_line_height=&#8221;2em&#8221; custom_margin=&#8221;20px|||30px|false|false&#8221; custom_margin_tablet=&#8221;20px|||30px|false|false&#8221; custom_margin_phone=&#8221;|||0px|false|false&#8221; custom_margin_last_edited=&#8221;on|phone&#8221; text_font_size_tablet=&#8221;14px&#8221; text_font_size_phone=&#8221;&#8221; text_font_size_last_edited=&#8221;on|phone&#8221; locked=&#8221;off&#8221; global_colors_info=&#8221;{}&#8221;]<\/p>\n<p>En Coyote Edu, elevamos las voces de aquellos que no suelen ser escuchados en el \u00e1mbito acad\u00e9mico. Aprendemos de los trabajadores, los vendedores ambulantes, los agricultores y los peque\u00f1os empresarios que est\u00e1n influyendo activamente en un cambio positivo en Mesoam\u00e9rica.<\/p>\n<p>[\/et_pb_text][\/et_pb_column][\/et_pb_row][\/et_pb_section][et_pb_section fb_built=&#8221;1&#8243; admin_label=&#8221;Our Story&#8221; _builder_version=&#8221;4.19.3&#8243; _module_preset=&#8221;default&#8221; background_color=&#8221;#efedeb&#8221; collapsed=&#8221;off&#8221; global_colors_info=&#8221;{}&#8221;][et_pb_row _builder_version=&#8221;4.19.3&#8243; _module_preset=&#8221;default&#8221; global_colors_info=&#8221;{}&#8221;][et_pb_column type=&#8221;4_4&#8243; _builder_version=&#8221;4.19.3&#8243; _module_preset=&#8221;default&#8221; global_colors_info=&#8221;{}&#8221;][et_pb_image src=&#8221;https:\/\/edu.coyoteaventuras.com\/wp-content\/uploads\/2020\/06\/exploring.jpg&#8221; title_text=&#8221;exploring&#8221; align=&#8221;center&#8221; force_fullwidth=&#8221;on&#8221; _builder_version=&#8221;4.22.2&#8243; _module_preset=&#8221;default&#8221; global_colors_info=&#8221;{}&#8221;][\/et_pb_image][\/et_pb_column][\/et_pb_row][et_pb_row column_structure=&#8221;1_3,1_3,1_3&#8243; _builder_version=&#8221;4.16&#8243; _module_preset=&#8221;default&#8221; global_colors_info=&#8221;{}&#8221;][et_pb_column type=&#8221;1_3&#8243; _builder_version=&#8221;4.16&#8243; _module_preset=&#8221;default&#8221; global_colors_info=&#8221;{}&#8221;][et_pb_text _builder_version=&#8221;4.27.2&#8243; header_2_font=&#8221;Abhaya Libre||||||||&#8221; header_2_font_size=&#8221;60px&#8221; header_2_line_height=&#8221;1.2em&#8221; header_2_font_size_tablet=&#8221;40px&#8221; header_2_font_size_phone=&#8221;30px&#8221; header_2_font_size_last_edited=&#8221;on|phone&#8221; locked=&#8221;off&#8221; global_colors_info=&#8221;{}&#8221;]<\/p>\n<h2>Nuestra Historia<\/h2>\n<p>[\/et_pb_text][et_pb_text _builder_version=&#8221;4.27.2&#8243; header_2_font=&#8221;Abhaya Libre||||||||&#8221; header_2_font_size=&#8221;60px&#8221; header_2_line_height=&#8221;1.2em&#8221; header_4_font=&#8221;Abhaya Libre||||||||&#8221; header_4_font_size=&#8221;24px&#8221; header_4_line_height=&#8221;1.9em&#8221; header_2_font_size_tablet=&#8221;40px&#8221; header_2_font_size_phone=&#8221;30px&#8221; header_2_font_size_last_edited=&#8221;on|phone&#8221; locked=&#8221;off&#8221; global_colors_info=&#8221;{}&#8221;]<\/p>\n<h4>Coyote Aventuras Edu trabaja activamente para construir puentes en todo el mundo que conecten a las personas a trav\u00e9s del poder del aprendizaje experiencial.<\/h4>\n<p>[\/et_pb_text][\/et_pb_column][et_pb_column type=&#8221;1_3&#8243; _builder_version=&#8221;4.16&#8243; _module_preset=&#8221;default&#8221; global_colors_info=&#8221;{}&#8221;][et_pb_text _builder_version=&#8221;4.27.2&#8243; text_font_size=&#8221;16px&#8221; text_line_height=&#8221;2em&#8221; text_font_size_tablet=&#8221;14px&#8221; text_font_size_phone=&#8221;&#8221; text_font_size_last_edited=&#8221;on|phone&#8221; locked=&#8221;off&#8221; global_colors_info=&#8221;{}&#8221;]<\/p>\n<p>Coyote Aventuras Edu comenz\u00f3, a trav\u00e9s de a\u00f1os de esfuerzo, a establecer conexiones profundas con comunidades y socios comerciales en toda Mesoam\u00e9rica. El \u00e9xito de nuestro proyecto original de turismo regenerativo, Coyote Aventuras, ilumin\u00f3 las posibilidades de ampliar nuestro impacto social al trabajar con estudiantes de todo el mundo. Durante m\u00e1s de 7 a\u00f1os, Coyote se ha dedicado a elevar el conocimiento de las comunidades ind\u00edgenas y a abogar por la preservaci\u00f3n de las reservas naturales en toda Am\u00e9rica Latina.<\/p>\n<p>[\/et_pb_text][\/et_pb_column][et_pb_column type=&#8221;1_3&#8243; _builder_version=&#8221;4.16&#8243; _module_preset=&#8221;default&#8221; global_colors_info=&#8221;{}&#8221;][et_pb_text _builder_version=&#8221;4.27.2&#8243; text_font_size=&#8221;16px&#8221; text_line_height=&#8221;2em&#8221; text_font_size_tablet=&#8221;14px&#8221; text_font_size_phone=&#8221;&#8221; text_font_size_last_edited=&#8221;on|phone&#8221; locked=&#8221;off&#8221; global_colors_info=&#8221;{}&#8221;]<\/p>\n<p>La educaci\u00f3n se encuentra en un punto clave de convergencia donde es esencial observar cr\u00edticamente las metodolog\u00edas anteriores en favor de un curr\u00edculum que resalte la decolonizaci\u00f3n y coloque a los l\u00edderes comunitarios en posiciones influyentes. Promovemos un enfoque integrado donde los estudiantes aprenden de trabajadores, peque\u00f1os empresarios, trabajadores agr\u00edcolas, miembros de la sociedad civil, sanadores de medicina tradicional y familias de maestros artesanos. Todo esto con el objetivo expl\u00edcito de formar redes globales de innovadores multiculturales dedicados a resolver los complejos problemas de nuestro tiempo.<\/p>\n<p>[\/et_pb_text][\/et_pb_column][\/et_pb_row][et_pb_row column_structure=&#8221;1_3,2_3&#8243; _builder_version=&#8221;4.16&#8243; _module_preset=&#8221;default&#8221; global_colors_info=&#8221;{}&#8221;][et_pb_column type=&#8221;1_3&#8243; _builder_version=&#8221;4.16&#8243; _module_preset=&#8221;default&#8221; global_colors_info=&#8221;{}&#8221;][\/et_pb_column][et_pb_column type=&#8221;2_3&#8243; _builder_version=&#8221;4.16&#8243; _module_preset=&#8221;default&#8221; global_colors_info=&#8221;{}&#8221;][et_pb_text _builder_version=&#8221;4.27.2&#8243; text_font_size=&#8221;16px&#8221; text_line_height=&#8221;2em&#8221; text_font_size_tablet=&#8221;14px&#8221; text_font_size_phone=&#8221;&#8221; text_font_size_last_edited=&#8221;on|phone&#8221; locked=&#8221;off&#8221; global_colors_info=&#8221;{}&#8221;]<\/p>\n<p>Nuestra propuesta para combatir la crisis clim\u00e1tica y trabajar hacia un futuro que todos merecemos se centra en facilitar el intercambio entre estudiantes e inspirarlos. Durante nuestros programas, los estudiantes desarrollan habilidades ling\u00fc\u00edsticas y sociales que sin duda les servir\u00e1n en sus esfuerzos futuros.  <\/p>\n<p>[\/et_pb_text][\/et_pb_column][\/et_pb_row][\/et_pb_section][et_pb_section fb_built=&#8221;1&#8243; admin_label=&#8221;Modal Gallery Trigger   &#8221; _builder_version=&#8221;4.19.2&#8243; _module_preset=&#8221;default&#8221; background_color=&#8221;#efedeb&#8221; width=&#8221;100%&#8221; max_width=&#8221;100%&#8221; custom_margin=&#8221;0px||0px||false|false&#8221; custom_padding=&#8221;0px||0px||false|false&#8221; global_colors_info=&#8221;{}&#8221;][et_pb_row _builder_version=&#8221;4.18.0&#8243; _module_preset=&#8221;default&#8221; global_colors_info=&#8221;{}&#8221;][et_pb_column type=&#8221;4_4&#8243; _builder_version=&#8221;4.18.0&#8243; _module_preset=&#8221;default&#8221; global_colors_info=&#8221;{}&#8221;][el_modal_popup modal_id=&#8221;galeria&#8221; trigger_element_type=&#8221;element_class&#8221; trigger_element_class=&#8221;popup-gallery&#8221; show_modal_title=&#8221;off&#8221; show_footer=&#8221;off&#8221; modal_content_type=&#8221;layout&#8221; modal_content_layout=&#8221;2011&#8243; disable_website_scroll=&#8221;off&#8221; modal_custom_margin=&#8221;||0px||false|false&#8221; modal_custom_padding=&#8221;||0px||false|false&#8221; modal_header_custom_padding=&#8221;5px||5px||true|true&#8221; modal_body_custom_margin=&#8221;||||true|true&#8221; modal_body_custom_padding=&#8221;0px|50px|0px|50px|true|true&#8221; modal_bg_color=&#8221;rgba(0,0,0,0.9)&#8221; modal_close_icon_color=&#8221;#FFFFFF&#8221; _builder_version=&#8221;4.27.2&#8243; _module_preset=&#8221;default&#8221; text_orientation=&#8221;center&#8221; module_alignment=&#8221;center&#8221; modal_width=&#8221;70%&#8221; modal_height=&#8221;70%&#8221; custom_margin=&#8221;||||false|false&#8221; custom_padding=&#8221;||||false|true&#8221; hover_enabled=&#8221;0&#8243; box_shadow_style_modal=&#8221;preset1&#8243; global_colors_info=&#8221;{}&#8221; sticky_enabled=&#8221;0&#8243;][\/el_modal_popup][\/et_pb_column][\/et_pb_row][\/et_pb_section]<\/p>\n","protected":false},"excerpt":{"rendered":"<p>Acerca de Nosotros Coordinamos experiencias de estudio en el extranjero y grupos liderados por profesores que destacan la extraordinaria diversidad cultural, la historia acestral y la diversidad ecol\u00f3gica de Mesoam\u00e9rica.Durante una experiencia de Coyote Aventuras Edu, los estudiantes interact\u00faan con universidades locales, comunidades ind\u00edgenas, miembros de la sociedad civil y maestros artesanos, lo que brinda [&hellip;]<\/p>\n","protected":false},"author":1,"featured_media":0,"parent":0,"menu_order":2,"comment_status":"closed","ping_status":"closed","template":"","meta":{"_et_pb_use_builder":"on","_et_pb_old_content":"","_et_gb_content_width":"","footnotes":""},"class_list":["post-393","page","type-page","status-publish","hentry"],"_links":{"self":[{"href":"https:\/\/edu.coyoteaventuras.com\/es\/index.php\/wp-json\/wp\/v2\/pages\/393","targetHints":{"allow":["GET"]}}],"collection":[{"href":"https:\/\/edu.coyoteaventuras.com\/es\/index.php\/wp-json\/wp\/v2\/pages"}],"about":[{"href":"https:\/\/edu.coyoteaventuras.com\/es\/index.php\/wp-json\/wp\/v2\/types\/page"}],"author":[{"embeddable":true,"href":"https:\/\/edu.coyoteaventuras.com\/es\/index.php\/wp-json\/wp\/v2\/users\/1"}],"replies":[{"embeddable":true,"href":"https:\/\/edu.coyoteaventuras.com\/es\/index.php\/wp-json\/wp\/v2\/comments?post=393"}],"version-history":[{"count":7,"href":"https:\/\/edu.coyoteaventuras.com\/es\/index.php\/wp-json\/wp\/v2\/pages\/393\/revisions"}],"predecessor-version":[{"id":10158,"href":"https:\/\/edu.coyoteaventuras.com\/es\/index.php\/wp-json\/wp\/v2\/pages\/393\/revisions\/10158"}],"wp:attachment":[{"href":"https:\/\/edu.coyoteaventuras.com\/es\/index.php\/wp-json\/wp\/v2\/media?parent=393"}],"curies":[{"name":"wp","href":"https:\/\/api.w.org\/{rel}","templated":true}]}}